{"id":45401,"date":"2022-12-17T15:06:36","date_gmt":"2022-12-17T06:06:36","guid":{"rendered":"https:\/\/www.jamgpa.jp\/?page_id=45401"},"modified":"2022-12-17T15:51:02","modified_gmt":"2022-12-17T06:51:02","slug":"production-company-list","status":"publish","type":"page","link":"https:\/\/www.jamgpa.jp\/?page_id=45401&lang=en","title":{"rendered":"Production Company List"},"content":{"rendered":"\n<figure class=\"wp-block-table is-style-stripes has-large-font-size\"><table class=\"has-background-background-color has-background\"><tbody><tr><td>A<\/td><td>A-1 Pictures Inc.,Akari,Altamira Pictures Inc.,Another Push Pin Planning Co.,Ltd,Argos Films,Art Theatre Guild (ATG),Asahi National Broadcasting Company,Ashi Productions Company,Asmik Ace Entertainment,<\/td><\/tr><tr><td>B<\/td><td>Bandai,Bones,Bungakuza,Burning Productions,<\/td><\/tr><tr><td>C<\/td><td>Cabin Company Ltd.,CBS Sony Group Inc.,Cine Saison,Cine Bazar,Cine Rocket,Cinemabrain,Cinequanon,CoMix Wave Films,Ch\u00fb\u00f4 Eiga,Comteg,<\/td><\/tr><tr><td>D<\/td><td>Dait\u00f4 K\u00f4gy\u00f4 Co.,DENTSU Music And Entertainment,DIA International Films,Directors Company,Django Film,Dokuritsu Eiga,DUEL Film Partners,Dwarf,Dynamic Production,<\/td><\/tr><tr><td>F&nbsp;<\/td><td>FILM-IN-EVOLUTION,Filmmakers,Fuji Television Network,Fujiko Productions,<\/td><\/tr><tr><td>G&nbsp;<\/td><td>GAGA,Ganbit CO.LTD.,Gendai Eigasha,Gendai Production,General Work Films,GONZO K.K.,Gosha Productions,Greenwich Film Production,Groove Kinema,Group TAC,<\/td><\/tr><tr><td>H<\/td><td>Haiyu-za,Hakuhodo,Hani Productions Ltd.,HAPPINET CORPORATION,Harmony Gold,Hashimoto Production,Herald Ace,Herald Enterprises,Hy\u00f4gen-sha,Higashi Productions,Hokusei Eiga,<\/td><\/tr><tr><td>I<\/td><td>Ichikawa Kon\/Aoyama Yoshio\/Federico Caldura,Image Factory IM Co. Ltd.,Imagica Corp,Imamura Productions,IMJ Entertainment,Int-Group Film,International Cine Vision,Ishihara Productions Co. Ltd.,Ishinomori Productions,Itami Productions,Iwanami Productions,<\/td><\/tr><tr><td>J<\/td><td>Japan Audio Visual Network(JAVN),Japan&#8217;s Teacher&#8217;s Union,Jinriki Hikoki Sha,Jiss\u00f4ji Productions,Joy Pack Film,<\/td><\/tr><tr><td>K<\/td><td>Kabukiza Eiga,Kadokawa,Kadokawa-Daiei Eiga K.K.,Kadokawa Haruki Jimusho,Kaijyu Theater,Katsu Production,khara,Inc.,<br>Kihachi Productions,Kimura Productions,Kindai Eiga Kyokai,Kinema Tokyo Company Ltd.,Kinugasa Eiga Renmei,Kiri Production,kitty Co., Ltd.,KK IO,Kobe Workshop Cinema Project,K\u00f4dansha,KSS,Kouwa International Co.,Ltd.,Kumie,Kurahara Productions,Kurata Film Company,Kurosawa Production Co.,Kyodo Eiga,Kyoto Animation,<\/td><\/tr><tr><td>L<\/td><td>LDH JAPAN,Life Work,Lun Film,<\/td><\/tr><tr><td>M<\/td><td>Madhouse,MAPPA Co.LTD.,MAINICHI BROADCASTING SYSTEM.INC.,Marugen Building Group,Marza Animation Planet,Mifune Productions Co.,Ltd,Mingei,MLD Films,Monkey Town Productions,Mosfilm,Mountain Gate Productions,Mushi Productions,<\/td><\/tr><tr><td>N<\/td><td>Nagata Productions,New Century Producers,New Toei,New World Pictures,Nichei Productions,Nihon Ad Systems,Nihon Cinema K.K.,Nikkatsu,Ninjin Club,Nippon Animation Co.,Nippon Eiga Fukko Kyokai,Nippon Eiga Shinsha Co.,Ltd,Nippon Television Network (NTV),Nishizaki Yoshinobu,Nissei Theatre,NOBO,<\/td><\/tr><tr><td>O&nbsp;<\/td><td>Office Kitano,Ogawa Productions,Kohei Oguri,Oh Production,Omega Project,Organizing Committee for the Games of the XVIII Olympiad,Oriental Light and Magic(OLM),Orso Oriental Corporation,Oshima Productions,Oz Company,<\/td><\/tr><tr><td>P<\/td><td>PIA,Pierrot,Production GUNRO Inc.,Production I.G.,Production Taka,PiX,Pony Canyon,<\/td><\/tr><tr><td>R<\/td><td>Rex Entertainment,ROBOT,Rockwell Eyes,<\/td><\/tr><tr><td>S<\/td><td>Saito Koichi Production,&nbsp;Sankyo Eiga,Sano Art Productions,Sanrio Company,Science SARU,Sedic International,Seido Productions,Seinendan,Seiyu Company Ltd.,Senkosha Production,SHAFT,Shin Ei Animation,Shiki-no-Kai Productions,Shinchosha Company,Shinsei Eigasha,Shinseiki Productions,Shin-T\u00f4h\u00f4 K\u00f4gy\u00f4 K.K.,Shochiku-Fuji Company,Shueisha,Siglo,So Ei puro,Soyuzmultfilm,Sozosha,SPACE,Studio 4\u00b0C,Studio Colorido Co,Studio Ponoc,Studio Sign,Studio Three Co. Ltd.,Suncent Cinema Works,<\/td><\/tr><tr><td>T<\/td><td>Taiy\u00f4-sha,Takechi Productions,Takakura Production,Taki Co.,Ltd,Takarazuka Eiga Company Ltd.,Tatsunoko Production,Teshigahara Productions,Tezuka Productions,THE KLOCKWORX Co.Ltd.,Theatre Production,TMS Entertainment,Toei Animation,Toei Central Films,Toei Video Company,Toho-Towa,Tohokushinsha Film Corporation (TFC) ,Toko Tokuma,Tokuma Shoten,Tokyo Eiga Co Ltd.,T\u00f4ky\u00f4 Geijutsu Eiga,Tokyo Movie Shinsha,Towa Promotion,Tsuburaya Eizo,TV Man Union,TV TOKYO Corporation,Twentieth Century Fox,TWINS JAPAN inc.,<\/td><\/tr><tr><td>U<\/td><td>Ulysse Productions,Unicorn Productions,Uplink,<\/td><\/tr><tr><td>W<\/td><td>Wakamatsu Production,Warner Entertainment Japan,Watanabe Production Co.,Ltd.,Wilco Co,World Eiga,WOWWOW,<\/td><\/tr><tr><td>X<\/td><td>Xanadeux,<\/td><\/tr><tr><td>Y<\/td><td>Yamato Transport,Yomiuri Telecasting Corporation,Yoshimoto Kogyo Company,<\/td><\/tr><tr><td>Z<\/td><td>Zenkoku-Noson-Eiga-Kyokai,Zero Pictures Co.,Zuiyo,<\/td><\/tr><\/tbody><\/table><\/figure>\n","protected":false},"excerpt":{"rendered":"<p>A A-1 Pictures Inc.,Akari,Altamira Pictures Inc.,Another Push Pin Planning Co.,Ltd,Argos Films,Art Theatre Gui [&hellip;]<\/p>\n","protected":false},"author":1,"featured_media":0,"parent":0,"menu_order":0,"comment_status":"closed","ping_status":"closed","template":"singular_en.php","meta":{"_mi_skip_tracking":false,"_monsterinsights_sitenote_active":false,"_monsterinsights_sitenote_note":"","_monsterinsights_sitenote_category":0,"footnotes":""},"class_list":["post-45401","page","type-page","status-publish","hentry"],"acf":[],"aioseo_notices":[],"_links":{"self":[{"href":"https:\/\/www.jamgpa.jp\/index.php?rest_route=\/wp\/v2\/pages\/45401","targetHints":{"allow":["GET"]}}],"collection":[{"href":"https:\/\/www.jamgpa.jp\/index.php?rest_route=\/wp\/v2\/pages"}],"about":[{"href":"https:\/\/www.jamgpa.jp\/index.php?rest_route=\/wp\/v2\/types\/page"}],"author":[{"embeddable":true,"href":"https:\/\/www.jamgpa.jp\/index.php?rest_route=\/wp\/v2\/users\/1"}],"replies":[{"embeddable":true,"href":"https:\/\/www.jamgpa.jp\/index.php?rest_route=%2Fwp%2Fv2%2Fcomments&post=45401"}],"version-history":[{"count":2,"href":"https:\/\/www.jamgpa.jp\/index.php?rest_route=\/wp\/v2\/pages\/45401\/revisions"}],"predecessor-version":[{"id":45404,"href":"https:\/\/www.jamgpa.jp\/index.php?rest_route=\/wp\/v2\/pages\/45401\/revisions\/45404"}],"wp:attachment":[{"href":"https:\/\/www.jamgpa.jp\/index.php?rest_route=%2Fwp%2Fv2%2Fmedia&parent=45401"}],"curies":[{"name":"wp","href":"https:\/\/api.w.org\/{rel}","templated":true}]}}